{"id":36,"date":"2018-03-08T10:06:41","date_gmt":"2018-03-08T10:06:41","guid":{"rendered":"http:\/\/www.jacomijnschellevis.nl\/?page_id=36"},"modified":"2020-08-02T09:38:24","modified_gmt":"2020-08-02T09:38:24","slug":"cv","status":"publish","type":"page","link":"https:\/\/www.jacomijnschellevis.nl\/?page_id=36","title":{"rendered":"CV"},"content":{"rendered":"<table width=\"1335\">\n<tbody>\n<tr>\n<td colspan=\"2\"><\/td>\n<\/tr>\n<tr>\n<td colspan=\"2\"><strong>Education<\/strong><\/td>\n<\/tr>\n<tr>\n<td width=\"85\">2011-2012<br \/>\n2004-2005<br \/>\n1997-2001<br \/>\n2000<\/td>\n<td width=\"1250\">Organizing &amp; undertaking by artists, Tetem, Enschede, NL<br \/>\nBIK, professional artist in the class, Zwolle, NL<br \/>\nAcademy for Visual Arts &amp; Design, Enschede, NL<br \/>\nFalmouth Collage of Arts, Falmouth, UK<\/td>\n<\/tr>\n<tr>\n<td colspan=\"2\"><strong>Exhibition \/ Projects<\/strong><\/td>\n<\/tr>\n<tr>\n<td width=\"85\">2020<\/p>\n<p>2020<\/p>\n<p>2019<\/p>\n<p>2018<\/p>\n<p>2018<\/p>\n<p>2017\/2018<\/p>\n<p>2016\/2016<\/p>\n<p>2016<\/p>\n<p>2016<\/p>\n<p>2017<\/p>\n<p>2015<\/p>\n<p>2015<\/p>\n<p>2014<\/p>\n<p>2014<\/p>\n<p>2014<\/p>\n<p>2014<\/p>\n<p>2013\/2014<\/p>\n<p>2013<\/p>\n<p>2012<\/p>\n<p>2012<br \/>\n2012<br \/>\n2012<br \/>\n2011<br \/>\n2011<br \/>\n2011<br \/>\n2010<br \/>\n2009<br \/>\n2009<br \/>\n2009<br \/>\n2009<br \/>\n2008<br \/>\n2007<br \/>\n2007<br \/>\n2005<br \/>\n2004<br \/>\n2004<br \/>\n2003<br \/>\n2001<\/td>\n<td width=\"1250\"><strong>Unexpected Artworks 4D<\/strong> group exhibition, Twickelpark, Delden NL<\/p>\n<p><strong>Heimarbeit!<\/strong> group exhibition, FAK, Munster DE<\/p>\n<p><strong>ColourFields<\/strong> group exhibition, Twickelpark, Delden NL<\/p>\n<p><strong>Woest &amp; Bijster<\/strong> (Beyond Narratives) group exhibition, Bennekom NL<\/p>\n<p><strong>Getijden<\/strong> duo exhibition, CW12, Zwolle NL<\/p>\n<p><strong>Crimp <\/strong>group exhibition, CODA, Apeldoorn NL<\/p>\n<p><strong>Crimp<\/strong> group exhibition, Kunsthal Viborg Denemarken DK<\/p>\n<p><strong>Kunst am Rand<\/strong> group exhibition, Munster DE<\/p>\n<p><strong>Back to the lab<\/strong> Broedplaats estafette, Het Langhuis, Zwolle NL<\/p>\n<p><strong>Woest &amp; Bijster<\/strong> (Artefact I Ecofact) group exhibition, Bennekom NL<\/p>\n<p><strong>Locked<\/strong>\u00a0 group exhibition, Stiftung Kunstlerdorf, Schoppingen DE<\/p>\n<p><strong>Wij zijn het landschap<\/strong> group exhibition, Kunstenlab Deventer NL<\/p>\n<p><strong>Jahresgaben<\/strong> 2014 group exhibition, FAK, Munster DE<\/p>\n<p><strong>Domus Aeterna<\/strong>\u00a0 group exhibition, Zorgvlied Amsterdam NL<\/p>\n<p><strong>Toen toener toenst<\/strong> duo exhibition, Perron 1 MIKC Delden NL<\/p>\n<p><strong>GrensWerteWereldTentoonstelling<\/strong> group exhibition, Kloster Bentlage Rheine DE<\/p>\n<p><strong>Hinterland Achterland<\/strong> duo exhibitionTetem Kunstruimte &amp; Dynamo Expo Enschede NL,<\/p>\n<p>F\u00f6rderverein Aktuelle Kunst M\u00fcnster, M\u00fcnster DE<\/p>\n<p><strong>Tijd <\/strong>group exhibition Bataveshuisje Nijeholtwolde NL<\/p>\n<p><strong>Ofrenda de Dia de Muertos<\/strong> duo exhibition, de Vrijhof Universiteit Twente Enschede NL<\/p>\n<p><strong>Myth\u00a0of Nature<\/strong>\u00a0group exhibition CBK Drenthe\/Van der Veen galerie, NL<br \/>\n<strong>Myth\u00a0of Nature<\/strong> group exhibition, nature reserve Drents-Friese Wold, NL<br \/>\n<strong>Jacomijn Schellevis<\/strong>\u00a0solo exhibition, Vrijhof culture centre, University Twente, NL<br \/>\n<strong>From the Heart<\/strong> Curator Arno Kramer, group exhibition Bergkerk, Deventer, NL<br \/>\n<strong>Kiemkracht<\/strong>\u00a0group exhibition CBK, Amsterdam, NL<br \/>\n<strong>Kunst van Hier tot Ginder<\/strong> Kunstenlab Deventer &amp; artbikeroute Okkebroek , NL<br \/>\n<strong>Still<\/strong> Installation at Lone Fir Cemetry in coop with M SKudlarczyk &amp; Alicia Bleu Gallery, Portland, USA<br \/>\n<strong>Origin\/Oorspron<\/strong>g\u00a0Landscape-installations Overijssel &amp;duo exhibition, Museum de Fundatie, Heino, NL<br \/>\n<strong>Lecho de Muerte<\/strong>\u00a0group exhibition, Corrosia! CBK Flevoland, NL<br \/>\n<strong>Axis Mundi<\/strong>\u00a0solo exhibition, Porter&#8217;s lodge Kunstenlab, Deventer\u00a0 NL<br \/>\n<strong>Contradicci\u00f3n<\/strong>\u00a0solo exhibition, Urban Museum Zwolle, NL<br \/>\n<strong>Ambrosia<\/strong>\u00a0installations during ZwART, festival for theater &amp; visual art, Zwolle, NL<br \/>\n<strong>Eden<\/strong>\u00a0group exhibition, installations during Buitenbeeld, Zwolle, NL<br \/>\n<strong>Behind the basiliek<\/strong>\u00a0group exhibition, HeArtpool, Hengelo, NL<br \/>\n<strong>Co\u00f6peration<\/strong>\u00a0 group exhibition, Artoll, Bedburg-Hau, De, NL<br \/>\n<strong>Art Garden<\/strong>\u00a0group exhibition, Hortus Botanicus, Amsterdam, NL<br \/>\n<strong>In Conjunction<\/strong>\u00a0duo exhibition, Het Langhuis, Zwolle, NL<br \/>\n<strong>Jong\u00a0Art<\/strong>\u00a0group exhibition, art route, Amersfoort, NL<br \/>\n<strong>Jong Sculptures<\/strong>\u00a0Art Association Diepenheim, group exhibition, Diepenheim, NL<\/td>\n<\/tr>\n<tr>\n<td colspan=\"2\"><strong>\u00a0<\/strong><\/p>\n<p><strong>Miscellaneous<\/strong><\/td>\n<\/tr>\n<tr>\n<td width=\"85\">2010<br \/>\n2010<br \/>\n2009<br \/>\n2008<br \/>\n2008<br \/>\n2007<br \/>\n2001<\/td>\n<td width=\"1250\">Sponsorship by Walker Macy landscape architects, USA<br \/>\nArtist in Residence, Fundaci\u00f3n Gruber Jez, Cholul, MX<br \/>\nSubidy by the Province of Overijssel, sponsorship by Yarden funeral-care, NL<br \/>\nArtist in Residence, Fundaci\u00f3n Gruber Jez, Cholul, MX<br \/>\nSubsidy by the Committee of Art in Zwolle, NL<br \/>\nSubsidy by the Committee of Art in Zwolle, NL<br \/>\nNominated for the prestigious Dutch award of the Prins Bernard Cultuurfonds, NL<\/td>\n<\/tr>\n<\/tbody>\n<\/table>\n","protected":false},"excerpt":{"rendered":"<p>Education 2011-2012 2004-2005 1997-2001 2000 Organizing &amp; undertaking by artists, Tetem, Enschede, NL BIK, professional artist in the class, Zwolle, <span class=\"ellipsis\">&hellip;<\/span> <span class=\"more-link-wrap\"><a href=\"https:\/\/www.jacomijnschellevis.nl\/?page_id=36\" class=\"more-link\"><span>Read More &rarr;<\/span><\/a><\/span><\/p>\n","protected":false},"author":1,"featured_media":0,"parent":0,"menu_order":0,"comment_status":"closed","ping_status":"closed","template":"full-width.php","meta":{"footnotes":""},"class_list":["post-36","page","type-page","status-publish","hentry"],"_links":{"self":[{"href":"https:\/\/www.jacomijnschellevis.nl\/index.php?rest_route=\/wp\/v2\/pages\/36","targetHints":{"allow":["GET"]}}],"collection":[{"href":"https:\/\/www.jacomijnschellevis.nl\/index.php?rest_route=\/wp\/v2\/pages"}],"about":[{"href":"https:\/\/www.jacomijnschellevis.nl\/index.php?rest_route=\/wp\/v2\/types\/page"}],"author":[{"embeddable":true,"href":"https:\/\/www.jacomijnschellevis.nl\/index.php?rest_route=\/wp\/v2\/users\/1"}],"replies":[{"embeddable":true,"href":"https:\/\/www.jacomijnschellevis.nl\/index.php?rest_route=%2Fwp%2Fv2%2Fcomments&post=36"}],"version-history":[{"count":61,"href":"https:\/\/www.jacomijnschellevis.nl\/index.php?rest_route=\/wp\/v2\/pages\/36\/revisions"}],"predecessor-version":[{"id":1297,"href":"https:\/\/www.jacomijnschellevis.nl\/index.php?rest_route=\/wp\/v2\/pages\/36\/revisions\/1297"}],"wp:attachment":[{"href":"https:\/\/www.jacomijnschellevis.nl\/index.php?rest_route=%2Fwp%2Fv2%2Fmedia&parent=36"}],"curies":[{"name":"wp","href":"https:\/\/api.w.org\/{rel}","templated":true}]}}